{"id":16648,"date":"2024-02-21T12:51:47","date_gmt":"2024-02-21T12:51:47","guid":{"rendered":"https:\/\/grnet.gr\/?page_id=16648"},"modified":"2024-02-21T13:00:42","modified_gmt":"2024-02-21T13:00:42","slug":"partners","status":"publish","type":"page","link":"https:\/\/grnet.gr\/en\/partners\/","title":{"rendered":"Partners"},"content":{"rendered":"<div class=\"wrapper  \" style=\"\" >\n\t\t\t\t<div class=\"row \"><div class=\"col-xs-12 col-sm-12 col-md-12 col-lg-12\"><div class='blox_element tt_text_content  '>\n<p><img loading=\"lazy\" decoding=\"async\" class=\"alignnone size-large wp-image-16278\" src=\"https:\/\/grnet.gr\/wp-content\/uploads\/2023\/10\/POTENTIAL-banner-1024x215.png\" alt=\"\" width=\"960\" height=\"202\" srcset=\"https:\/\/grnet.gr\/wp-content\/uploads\/2023\/10\/POTENTIAL-banner-1024x215.png 1024w, https:\/\/grnet.gr\/wp-content\/uploads\/2023\/10\/POTENTIAL-banner-300x63.png 300w, https:\/\/grnet.gr\/wp-content\/uploads\/2023\/10\/POTENTIAL-banner-768x161.png 768w, https:\/\/grnet.gr\/wp-content\/uploads\/2023\/10\/POTENTIAL-banner-150x32.png 150w, https:\/\/grnet.gr\/wp-content\/uploads\/2023\/10\/POTENTIAL-banner-500x105.png 500w, https:\/\/grnet.gr\/wp-content\/uploads\/2023\/10\/POTENTIAL-banner.png 1100w\" sizes=\"auto, (max-width: 960px) 100vw, 960px\" \/><\/p><\/div><div class='blox_element tt_text_content  '>\n<p>The\u00a0 organisations participating in the project from the EU Member States and Ukraine are the following:<\/p>\n<p>France<\/p>\n<ul>\n<li>Agence Nationale des Titres S\u00e9curis\u00e9s (ANTS &#8211; Coordinator)<\/li>\n<li>Agence du Num\u00e9rique en Sant\u00e9 (National eHealth Agency &#8211; ANS)<\/li>\n<li>Archipels (Archipels)<\/li>\n<li>BNP Paribas (BNP)<\/li>\n<li>CEA List (CEA)<\/li>\n<li>CIVIPOL (CIVIPOL)<\/li>\n<li>Cr\u00e9dit Agricole (CA)<\/li>\n<li>D\u00e9l\u00e9gation \u00e0 la S\u00e9curit\u00e9 Routi\u00e8re (DSR)<\/li>\n<li>Docaposte (Docaposte)<\/li>\n<li>Groupe BPCE (BPCE)<\/li>\n<li>Idemia (Idemia)<\/li>\n<li>IN Groupe (IN Groupe)<\/li>\n<li>Institut Mines-T\u00e9l\u00e9com (IMT)<\/li>\n<li>Institut national de recherche en sciences et technologies du num\u00e9rique (National Institute for Research in Digital Science and Technology &#8211; INRIA)<\/li>\n<li>Interministerial Digital Directorate (DINUM)<\/li>\n<li>La Banque Postale (LBP)<\/li>\n<li>LuxTrust (LuxTrust)<\/li>\n<li>Namirial (Namirial)<\/li>\n<li>Orange (Orange)<\/li>\n<li>Samsung (Samsung)<\/li>\n<li>Thales DIS (Thales DIS)<\/li>\n<li>Ubble (Ubble)<\/li>\n<li>Universign (Universign)<\/li>\n<li>Vialink<\/li>\n<\/ul>\n<p>Germany<\/p>\n<ul>\n<li>Amadeus S.A.S. (Amadeus)<\/li>\n<li>Arbeitsgemeinschaft POTENTIAL Deutschland (WGG)<\/li>\n<li>Bayerisches Staatsministerium f\u00fcr Digitales (Bavarian State Ministry of Digital Affairs &#8211; StMD)<\/li>\n<li>Bundesamt f\u00fcr Sicherheit und Informationstechnik (Federal Office for Information Security &#8211; BSI)<\/li>\n<li>Bundesdruckerei (BDR)<\/li>\n<li>Bundesministerium der Finanzen (Federal Ministry of Finance &#8211; BMF &#8211; DE)<\/li>\n<li>Bundesministerium des Innern und f\u00fcr Heimat (Federal Ministry of the Interior and Community &#8211; BMI)<\/li>\n<li>Bundesministerium f\u00fcr Digitales und Verkehr (Federal Ministry for Digital and Transport &#8211; BMDV)<\/li>\n<li>Bundesnetzagentur (Federal Network Agency &#8211; BNetzA)<\/li>\n<li>Bundesverwaltungsamt (Federal Office of Administration &#8211; BVA)<\/li>\n<li>Commerzbank (COBA)<\/li>\n<li>Deutsche Bank AG (DB)<\/li>\n<li>Deutsche Telekom AG (DTAG)<\/li>\n<li>Deutscher Sparkassen- und Giroverband (DSGV)<\/li>\n<li>d-NRW A\u00f6R (d-NRW)<\/li>\n<li>Enterprise (Enterprise)<\/li>\n<li>ING Diba (ING)<\/li>\n<li>Kraftfahrt-Bundesamt (KBA)<\/li>\n<li>Ministerium f\u00fcr Wirtschaft, Industrie, Klimaschutz und Energie des Landes Nordrhein-Westfalen (Ministry of Economic Affairs, Industry, Climate Action and Energy of the State of North Rhine-Westphalia &#8211; MWIKE)<\/li>\n<li>Sixt GmbH &amp; Co. Autovermietung KG (Sixt)<\/li>\n<li>Telef\u00f3nica Germany GmbH &amp; Co. OHG (Telefonica)<\/li>\n<li>Vodafone GmbH (Vodafone DE)<\/li>\n<li>Volkswagen<\/li>\n<li>LapID<\/li>\n<\/ul>\n<p>Austria<\/p>\n<ul>\n<li>Arbeitsgemeinschaft WALLET.AT (WALLET.AT)<\/li>\n<li>Bitpanda Payments GmbH (Bitpanda)<\/li>\n<li>Bundesministerium f\u00fcr Finanzen (Ministry of Finance &#8211; BMF &#8211; AT)<\/li>\n<li>Bundesministerium f\u00fcr Soziales, Gesundheit, Pflege und Konsumentenschutz (Federal Ministry of Social Affairs, Health, Care and Consumer Protection &#8211; BMSGPK)<\/li>\n<li>Erste Bank Group AG (Erste Group)<\/li>\n<li>Hutchison Drei Austria GmbH (Drei)<\/li>\n<li>Hypo Vorarlberg Bank AG (Hypo Vorarlberg)<\/li>\n<li>Mass Response Service GmbH (spusu)<\/li>\n<li>OeNPAY Financial Innovation HUB GmbH (OeNPAY)<\/li>\n<li>Oesterreichische Nationalbank (OeNB)<\/li>\n<li>Raiffeisenlandesbank Ober\u00f6sterreich Aktiengesellschaft (RLBOOE)<\/li>\n<li>Rundfunk und Telekom Regulierungs-GmbH (RTR)<\/li>\n<li>Technische Universit\u00e4t Graz (Graz University of Technology &#8211; TUG)<\/li>\n<li>T-Mobile Austria GmbH (Magenta)<\/li>\n<li>Zentrum f\u00fcr Sichere Informationstechnologie \u2013 Austria (Secure Information Technology Center Austria &#8211; A-SIT)<\/li>\n<\/ul>\n<p>Belgium<\/p>\n<ul>\n<li>Belgian Mobile ID (BMID)<\/li>\n<li>Datanutsbedrijf (Data Utility Company &#8211; DNB)<\/li>\n<li>FPS Policy and Support department Digital Transformation (BOSA DT)<\/li>\n<\/ul>\n<p>Cyprus<\/p>\n<ul>\n<li>3AE Health Ltd (3AEHealth)<\/li>\n<li>Dataknights Ltd (Dataknights)<\/li>\n<li>\u0395\u03b8\u03bd\u03b9\u03ba\u03ae \u0391\u03c1\u03c7\u03ae \u0397\u03bb\u03b5\u03ba\u03c4\u03c1\u03bf\u03bd\u03b9\u03ba\u03ae\u03c2 \u03a5\u03b3\u03b5\u03af\u03b1\u03c2 (National eHealth Authority &#8211; NeHA)<\/li>\n<li>\u03a0\u03b1\u03bd\u03b5\u03c0\u03b9\u03c3\u03c4\u03ae\u03bc\u03b9\u03bf \u039a\u03cd\u03c0\u03c1\u03bf\u03c5 (University of Cyprus &#8211; UCY)<\/li>\n<li>\u03a5\u03c6\u03c5\u03c0\u03bf\u03c5\u03c1\u03b3\u03b5\u03af\u03bf \u0388\u03c1\u03b5\u03c5\u03bd\u03b1\u03c2, \u039a\u03b1\u03b9\u03bd\u03bf\u03c4\u03bf\u03bc\u03af\u03b1\u03c2 \u03ba\u03b1\u03b9 \u03a8\u03b7\u03c6\u03b9\u03b1\u03ba\u03ae\u03c2 \u03a0\u03bf\u03bb\u03b9\u03c4\u03b9\u03ba\u03ae\u03c2 (Deputy Ministry of Research, Inno-vation and Digital Policy &#8211; DMRID)<\/li>\n<\/ul>\n<p>Czech Republic<\/p>\n<ul>\n<li>AUTOCONT a.s. (AC)<\/li>\n<li>Ministerstvo zdravotnictv\u00ed (Ministry of Health of the Czech Republic &#8211; MZCR)<\/li>\n<li>\u00dastav zdravotnick\u00fdch informac\u00ed a statistiky (Institute of Health Information and Statistics of the Czech Republic &#8211; UZIS)<\/li>\n<li>Bank iD<\/li>\n<li>DIA<\/li>\n<\/ul>\n<p>Estonia<\/p>\n<ul>\n<li>Bolt Services EE O\u00dc (Bolt)<\/li>\n<li>Citybee Eesti O\u00dc (CityBee &#8211; EE)<\/li>\n<li>Riigi Infos\u00fcsteemi Amet (Information System Authority &#8211; ISA)<\/li>\n<\/ul>\n<p>Finland<\/p>\n<ul>\n<li>Digi- ja v\u00e4est\u00f6tietovirasto (Digital and Population Data Services Agency &#8211; DVV)<\/li>\n<li>Liikenne- ja viestint\u00e4virasto (Finnish Transport and Communications Agency &#8211; Traficom)<\/li>\n<li>Valtiovarainministeri\u00f6 (Ministry Of Finance &#8211; VM)<\/li>\n<\/ul>\n<p>Greece<\/p>\n<ul>\n<li>Alpha Bank S.A. (Alpha)<\/li>\n<li>Cooperative Bank of Karditsa Coop. L.L. (CBK)<\/li>\n<li>Cosmote (Cosmote)<\/li>\n<li>Eurobank S.A. (Eurobank)<\/li>\n<li>Optima bank (Optima bank)<\/li>\n<li>Vodafone Panafon SA (Vodafone) (EL)<\/li>\n<li>Wind Hellas Telecommunications Single Member S.A. (WIND)<\/li>\n<li>\u0395\u03b8\u03bd\u03b9\u03ba\u03ae \u03a4\u03c1\u03ac\u03c0\u03b5\u03b6\u03b1 \u03c4\u03b7\u03c2 \u0395\u03bb\u03bb\u03ac\u03b4\u03bf\u03c2 (National Bank of Greece S.A. &#8211; NBG)<\/li>\n<li>\u0395\u03b8\u03bd\u03b9\u03ba\u03cc \u0394\u03af\u03ba\u03c4\u03c5\u03bf \u03a5\u03c0\u03bf\u03b4\u03bf\u03bc\u03ce\u03bd \u03a4\u03b5\u03c7\u03bd\u03bf\u03bb\u03bf\u03b3\u03af\u03b1\u03c2 \u03ba\u03b1\u03b9 \u0388\u03c1\u03b5\u03c5\u03bd\u03b1\u03c2 (National Infrastructures for Research and Technology &#8211; GRNET)<\/li>\n<li>\u03a3\u03c5\u03bd\u03b5\u03c4\u03b1\u03b9\u03c1\u03b9\u03c3\u03c4\u03b9\u03ba\u03ae \u03a4\u03c1\u03ac\u03c0\u03b5\u03b6\u03b1 \u0397\u03c0\u03b5\u03af\u03c1\u03bf\u03c5 (Cooperative Bank of Epirus &#8211; CBE)<\/li>\n<li>\u03a4\u03c1\u03ac\u03c0\u03b5\u03b6\u03b1 \u03a0\u03b5\u03b9\u03c1\u03b1\u03b9\u03ce\u03c2 (Piraeus Bank)<\/li>\n<li>\u03a5\u03c0\u03bf\u03c5\u03c1\u03b3\u03b5\u03af\u03bf \u03a5\u03b3\u03b5\u03af\u03b1\u03c2 (Ministry of Health &#8211; GMOH)<\/li>\n<li>\u03a5\u03c0\u03bf\u03c5\u03c1\u03b3\u03b5\u03af\u03bf \u03a8\u03b7\u03c6\u03b9\u03b1\u03ba\u03ae\u03c2 \u0394\u03b9\u03b1\u03ba\u03c5\u03b2\u03ad\u03c1\u03bd\u03b7\u03c3\u03b7\u03c2 (Ministry of Digital Governance &#8211; HMDG)<\/li>\n<\/ul>\n<p>Hungary<\/p>\n<ul>\n<li>Eg\u00e9szs\u00e9ginformatikai Szolg\u00e1ltat\u00f3 \u00e9s Fejleszt\u00e9si K\u00f6zpont (Health Informatics Services and De-velopment Centre &#8211; ESZFK)<\/li>\n<\/ul>\n<p>Italy<\/p>\n<ul>\n<li>Provincia Autonoma di Trento (Autonomous Province of Trento &#8211; PAT)<\/li>\n<li>Fondazione Bruno Kessler (Bruno Kessler Foundation &#8211; FBK)<\/li>\n<li>In.Te.S.A. Kyndryl (Intesa)<\/li>\n<li>Istituto Poligrafico Zecca dello Stato S.p.A. (State Mint and Polygraphic Institute &#8211; IPZS)<\/li>\n<li>Ministero della Salute (Ministry of Health &#8211; MdS)<\/li>\n<li>Ministro per l\u2019innovazione tecnologica e la transizione digitale (Minister for Innovation and Digital Transformation &#8211; MITD)<\/li>\n<li>PagoPA SpA (PagoPA)<\/li>\n<li>Ragioneria Generale dello Stato (RGS)<\/li>\n<\/ul>\n<p>Lithuania<\/p>\n<ul>\n<li>Asmens dokument\u0173 i\u0161ra\u0161ymo centras prie Lietuvos Respublikos vidaus reikal\u0173 ministerijos (Identity Documents Personalisation Centre under the Ministry of the Interior) (ADIC)<\/li>\n<li>Informatikos ir ry\u0161i\u0173 departamentas prie Lietuvos Respublikos vidaus reikal\u0173 ministerija (Information and Communication Department under the Ministry of the Interior &#8211; ICD_MOI &#8211; IRD)<\/li>\n<li>Lietuvos Respublikos vidaus reikal\u0173 ministerija (The Ministry of the Interior &#8211; MOI_LT &#8211; VRM)<\/li>\n<li>Prime Leasing, UAB (CityBee &#8211; LT)<\/li>\n<li>Valstyb\u0117s \u012fmon\u0117 REGITRA (State Enterprise Regitra &#8211; Regitra)<\/li>\n<li>KTU<\/li>\n<\/ul>\n<p>Luxembourg<\/p>\n<ul>\n<li>Centre des technologies de l\u2019information de l\u2019\u00c9tat (Government IT Center &#8211; CTIE)<\/li>\n<li>Minist\u00e8re de la Digitalisation (Ministry for Digitalisation &#8211; MinDig)<\/li>\n<li>POST<\/li>\n<li>Spuerkeess<\/li>\n<li>Swissquote<\/li>\n<\/ul>\n<p>Netherlands<\/p>\n<ul>\n<li>Kamer van Koophandel (The Netherlands Chamber of Commerce &#8211; KvK)<\/li>\n<li>KPN (KPN)<\/li>\n<li>Ministerie van Binnenlandse Zaken en Koninkrijksrelaties (Ministry of Interior and Kingdom Rela-tions of the Netherlands &#8211; BZK)<\/li>\n<li>Ministerie van Infrastructuur en Waterstaat (Ministry of Infrastructure and Water Management of the Netherlands &#8211; IenW)<\/li>\n<li>Ministerie van Economische Zaken en Klimaat (Ministry of Economic Affairs and Climate Policy of the Netherlands &#8211; EZK)<\/li>\n<li>Nederlandse Organisatie voor Toegepast Natuurwetenschappelijk Onderzoek (The Netherlands Organisation for applied scientific research &#8211; TNO)<\/li>\n<li>Rijksdienst voor Identiteitsgegevens (National Office for Identity Data &#8211; RvlG)<\/li>\n<li>Stichting ICTU (ICTU Foundation &#8211; ICTU)<\/li>\n<li>Rijksdienst voor het Wegverkeer (The Netherlands Vehicle Authority &#8211; RDW)<\/li>\n<li>T-Mobile NL (T-Mobile-NL)<\/li>\n<li>ABN AMRO Bank<\/li>\n<li>Cleverbase<\/li>\n<\/ul>\n<p>Poland<\/p>\n<ul>\n<li>Centralny O\u015brodek Informatyki (Center for Informatics Technologies &#8211; COI)<\/li>\n<li>Centrum e-Zdrowia (e-Health Centre &#8211; CEZ)<\/li>\n<li>Ministerstwo Rozwoju i Technlogii (Ministry of Economic Development and Technology &#8211; MRiT)<\/li>\n<li>Sie\u0107 Badawcza \u0141ukasiewicz &#8211; Pozna\u0144ski Instytut Technologiczny (\u0141ukasiewicz Research Net-work &#8211; Pozna\u0144 Institute of Technology &#8211; PIT)<\/li>\n<li>T-Mobile PL (TMPL)<\/li>\n<li>PKOBP<\/li>\n<li>Eurocert<\/li>\n<\/ul>\n<p>Portugal<\/p>\n<ul>\n<li>Ag\u00eancia para a Moderniza\u00e7\u00e3o Administrativa (Administrative Modernization Agency &#8211; AMA)<\/li>\n<li>Banco Montepio (BM)<\/li>\n<li>Imprensa Nacional-Casa da Moeda (Portuguese Mint and Official Printing Office &#8211; INCM)<\/li>\n<li>Instituto da Mobilidade e dos Transportes (Institute for Mobility and Transport &#8211; IMT)<\/li>\n<li>Instituto dos Registos e do Notariado (Portuguese Institute of Registries and Notary &#8211; IRN)<\/li>\n<li>Servi\u00e7os Partilhados do Minist\u00e9rio da Sa\u00fade (Shared Services of the Ministry of Health &#8211; SPMS)<\/li>\n<li>SIBS<\/li>\n<\/ul>\n<p>Slovenia<\/p>\n<ul>\n<li>ILIRIKA borznoposredni\u0161ka hi\u0161a d.d. (ILIRIKA)<\/li>\n<li>Ministry of Digital Transformation (MDT)<\/li>\n<li>SETCCE d.o.o. (SETCCE)<\/li>\n<\/ul>\n<p>Spain<\/p>\n<ul>\n<li>Jefatura Central de Tr\u00e1fico (DGT)<\/li>\n<li>Ministerio de Sanidad (Ministry of Health &#8211; MS-ES)<\/li>\n<\/ul>\n<p>Ukraine<\/p>\n<ul>\n<li>\u041d\u0430\u0446\u0456\u043e\u043d\u0430\u043b\u044c\u043d\u0430 \u043a\u043e\u043c\u0456\u0441\u0456\u044f, \u0449\u043e \u0437\u0434\u0456\u0439\u0441\u043d\u044e\u0454 \u0434\u0435\u0440\u0436\u0430\u0432\u043d\u0435 \u0440\u0435\u0433\u0443\u043b\u044e\u0432\u0430\u043d\u043d\u044f \u0443 \u0441\u0444\u0435\u0440\u0430\u0445 \u0435\u043b\u0435\u043a\u0442\u0440\u043e\u043d\u043d\u0438\u0445 \u043a\u043e\u043c\u0443\u043d\u0456\u043a\u0430\u0446\u0456\u0439, \u0440\u0430\u0434\u0456\u043e\u0447\u0430\u0441\u0442\u043e\u0442\u043d\u043e\u0433\u043e \u0441\u043f\u0435\u043a\u0442\u0440\u0430 \u0442\u0430 \u043d\u0430\u0434\u0430\u043d\u043d\u044f \u043f\u043e\u0441\u043b\u0443\u0433 \u043f\u043e\u0448\u0442\u043e\u0432\u043e\u0433\u043e \u0437\u0432&#8217;\u044f\u0437\u043a\u0443 (National Com-mission for the State Regulation of electronic communications, radio frequency spectrum and the provision of postal services &#8211; NCEC)<\/li>\n<li>CARSHARING SOLUTIONS LLC (GetmanCar)<\/li>\n<li>LLC Doctor Eleks (LLCD)<\/li>\n<li>LLC HELSI (LLCH)<\/li>\n<li>LLC Internet Advertising RIA (RIA)<\/li>\n<li>LLC Vchasno (Vchasno)<\/li>\n<li>PJSC Kyivstar (Kyivstar)<\/li>\n<li>PJSC Ukrgazbank (Ukrgazbank)<\/li>\n<li>State Enterprise \u201cELECTRONIC HEALTH\u201d (SEEH)<\/li>\n<li>State Enterprise Diia (SE Diia)<\/li>\n<li>State Enterprise Infotech (SE Infotech)<\/li>\n<li>\u041c\u0456\u043d\u0456\u0441\u0442\u0435\u0440\u0441\u0442\u0432\u043e \u0446\u0438\u0444\u0440\u043e\u0432\u043e\u0457 \u0442\u0440\u0430\u043d\u0441\u0444\u043e\u0440\u043c\u0430\u0446\u0456\u0457 \u0423\u043a\u0440\u0430\u0457\u043d\u0438 (Ministry of Digital Transformation of Ukraine &#8211; MDTU)<\/li>\n<li>\u041d\u0430\u0446\u0456\u043e\u043d\u0430\u043b\u044c\u043d\u0430 \u0441\u043b\u0443\u0436\u0431\u0430 \u0437\u0434\u043e\u0440\u043e\u0432&#8217;\u044f \u0423\u043a\u0440\u0430\u0457\u043d\u0438 (National Health Service of Ukraine &#8211; NHSU)<\/li>\n<\/ul><\/div><\/div><\/div>\n\t\t\t<\/div>\n","protected":false},"excerpt":{"rendered":"","protected":false},"author":1,"featured_media":0,"parent":0,"menu_order":0,"comment_status":"closed","ping_status":"closed","template":"","meta":{"footnotes":""},"categories":[],"tags":[],"class_list":["post-16648","page","type-page","status-publish","hentry"],"aioseo_notices":[],"_links":{"self":[{"href":"https:\/\/grnet.gr\/en\/wp-json\/wp\/v2\/pages\/16648","targetHints":{"allow":["GET"]}}],"collection":[{"href":"https:\/\/grnet.gr\/en\/wp-json\/wp\/v2\/pages"}],"about":[{"href":"https:\/\/grnet.gr\/en\/wp-json\/wp\/v2\/types\/page"}],"author":[{"embeddable":true,"href":"https:\/\/grnet.gr\/en\/wp-json\/wp\/v2\/users\/1"}],"replies":[{"embeddable":true,"href":"https:\/\/grnet.gr\/en\/wp-json\/wp\/v2\/comments?post=16648"}],"version-history":[{"count":4,"href":"https:\/\/grnet.gr\/en\/wp-json\/wp\/v2\/pages\/16648\/revisions"}],"predecessor-version":[{"id":16655,"href":"https:\/\/grnet.gr\/en\/wp-json\/wp\/v2\/pages\/16648\/revisions\/16655"}],"wp:attachment":[{"href":"https:\/\/grnet.gr\/en\/wp-json\/wp\/v2\/media?parent=16648"}],"wp:term":[{"taxonomy":"category","embeddable":true,"href":"https:\/\/grnet.gr\/en\/wp-json\/wp\/v2\/categories?post=16648"},{"taxonomy":"post_tag","embeddable":true,"href":"https:\/\/grnet.gr\/en\/wp-json\/wp\/v2\/tags?post=16648"}],"curies":[{"name":"wp","href":"https:\/\/api.w.org\/{rel}","templated":true}]}}